{"id":84,"date":"2017-06-09T04:11:57","date_gmt":"2017-06-09T04:11:57","guid":{"rendered":"http:\/\/localhost\/construct\/?page_id=84"},"modified":"2020-10-08T03:18:29","modified_gmt":"2020-10-08T03:18:29","slug":"contactenos","status":"publish","type":"page","link":"https:\/\/teneriadiazcl.com\/en\/contactenos\/","title":{"rendered":"CONTACT US"},"content":{"rendered":"<section  class=\"vc_rows wpb_row vc_row-fluid vc_custom_1600131647738 vc_row-has-fill parallax\" ><div class=\"container\"><div class=\"row\"><div class=\"wpb_column vc_column_container vc_col-sm-12\"><div class=\"vc_column-inner\"><div class=\"wpb_wrapper\">\n\t<div class=\"wpb_text_column wpb_content_element  vc_custom_1602127186012\" >\n\t\t<div class=\"wpb_wrapper\">\n\t\t\t<h3 class=\"text-center text-white font-family-heading font-size-30 margin-bottom-30\" style=\"text-align: center;\">WET BLUE, CRUST AND FINISHED PRODUCT<br \/>\nSINCE 1989<\/h3>\n<p style=\"text-align: center;\"><a class=\"wprt-button rounded-3px\" href=\"https:\/\/api.whatsapp.com\/send?phone=593999822135\">Contact us<\/a><\/p>\n\n\t\t<\/div>\n\t<\/div>\n<\/div><\/div><\/div><\/div><\/div><div class=\"clearfix\"><\/div><\/section><section class=\"vc_rows wpb_row vc_row-fluid vc_custom_1496982231607\" ><div class=\"container\"><div class=\"row\"><div class=\"wpb_column vc_column_container vc_col-sm-12\"><div class=\"vc_column-inner\"><div class=\"wpb_wrapper\"><div class=\"wpb_gmaps_widget wpb_content_element vc_custom_1600130085296\"><div class=\"wpb_wrapper\"><div class=\"wpb_map_wraper\"><iframe loading=\"lazy\" src=\"https:\/\/www.google.com\/maps\/embed?pb=!1m18!1m12!1m3!1d1350.5060689204474!2d-78.59616982380969!3d-1.2123522309528494!2m3!1f0!2f0!3f0!3m2!1i1024!2i768!4f13.1!3m3!1m2!1s0x0%3A0x31ba155c5b7e8a0c!2sTENERIA%20DIAZ!5e0!3m2!1ses-419!2sec!4v1600130068519!5m2!1ses-419!2sec\" width=\"600\" height=\"450\" frameborder=\"0\" style=\"border:0;\" allowfullscreen=\"\" aria-hidden=\"false\" tabindex=\"0\"><\/iframe><\/div><\/div><\/div><\/div><\/div><\/div><\/div><\/div><div class=\"clearfix\"><\/div><\/section><section class=\"vc_rows wpb_row vc_row-fluid vc_custom_1496982392950\" ><div class=\"container\"><div class=\"row\"><div class=\"wpb_column vc_column_container vc_col-sm-4\"><div class=\"vc_column-inner\"><div class=\"wpb_wrapper\"><h4 style=\"text-align: left\" class=\"vc_custom_heading vc_custom_1600130149092\" >Contact Us<\/h4>\n\t<div class=\"wpb_text_column wpb_content_element  wprt-information\" >\n\t\t<div class=\"wpb_wrapper\">\n\t\t\t<p style=\"text-align: left;\">We manufacture the best leather for footwear, leather goods and clothing. With trendy colors and excellent quality Working since 1989.<\/p>\n<ul class=\"style-2\">\n<li class=\"address\"><span class=\"hl\">Address :<\/span> Entry to Macasto Street Arenillas Ambato Ecuador<\/li>\n<li class=\"phone\"><span class=\"hl\">+<\/span>593 99 854 4436<\/li>\n<li class=\"phone\">+ 593 03 243 6443<\/li>\n<li class=\"phone\">+593 99 982 2135<\/li>\n<li class=\"phone\">+593 99 980 6065<\/li>\n<li class=\"email\"><span class=\"hl\">E-mail:<\/span> \u00a0tdiazcl@teneriadiaz.com<\/li>\n<\/ul>\n<p style=\"text-align: center;\">\u200e \u200f\u200f\u200e<br \/>\nOpening hours<br \/>\n\u200e \u200f\u200f\u200e<br \/>\nMonday - Friday - 8H30am to 5H30pm<br \/>\n\u200e \u200f\u200f\u200e<br \/>\nSaturday - 8H30am to 12H30pm<\/p>\n\n\t\t<\/div>\n\t<\/div>\n<\/div><\/div><\/div><div class=\"wpb_column vc_column_container vc_col-sm-8\"><div class=\"vc_column-inner\"><div class=\"wpb_wrapper\"><h4 style=\"text-align: left\" class=\"vc_custom_heading vc_custom_1600131066960\" >LEAVE US YOUR INFORMATION<\/h4>\n<div class=\"wpcf7 no-js\" id=\"wpcf7-f77-o1\" lang=\"en-US\" dir=\"ltr\">\n<div class=\"screen-reader-response\"><p role=\"status\" aria-live=\"polite\" aria-atomic=\"true\"><\/p> <ul><\/ul><\/div>\n<form action=\"\/en\/wp-json\/wp\/v2\/pages\/84#wpcf7-f77-o1\" method=\"post\" class=\"wpcf7-form init\" aria-label=\"Contact form\" novalidate=\"novalidate\" data-status=\"init\" data-trp-original-action=\"\/en\/wp-json\/wp\/v2\/pages\/84#wpcf7-f77-o1\">\n<div style=\"display: none;\">\n<input type=\"hidden\" name=\"_wpcf7\" value=\"77\" \/>\n<input type=\"hidden\" name=\"_wpcf7_version\" value=\"5.7.7\" \/>\n<input type=\"hidden\" name=\"_wpcf7_locale\" value=\"en_US\" \/>\n<input type=\"hidden\" name=\"_wpcf7_unit_tag\" value=\"wpcf7-f77-o1\" \/>\n<input type=\"hidden\" name=\"_wpcf7_container_post\" value=\"0\" \/>\n<input type=\"hidden\" name=\"_wpcf7_posted_data_hash\" value=\"\" \/>\n<\/div>\n<div class=\"wprt-contact-form-1\">\n\t<p><span class=\"wpcf7-form-control-wrap name\"><br \/>\n<span class=\"wpcf7-form-control-wrap\" data-name=\"your-name\"><input size=\"40\" class=\"wpcf7-form-control wpcf7-text wpcf7-validates-as-required\" aria-required=\"true\" aria-invalid=\"false\" placeholder=\"Name *\" value=\"\" type=\"text\" name=\"your-name\" \/><\/span><br \/>\n<\/span><br \/>\n<span class=\"wpcf7-form-control-wrap email\"><br \/>\n<span class=\"wpcf7-form-control-wrap\" data-name=\"your-email\"><input size=\"40\" class=\"wpcf7-form-control wpcf7-text wpcf7-email wpcf7-validates-as-required wpcf7-validates-as-email\" aria-required=\"true\" aria-invalid=\"false\" placeholder=\"E-mail *\" value=\"\" type=\"email\" name=\"your-email\" \/><\/span><br \/>\n<\/span><br \/>\n<span class=\"wpcf7-form-control-wrap phone\"><br \/>\n<span class=\"wpcf7-form-control-wrap\" data-name=\"your-phone\"><input size=\"40\" class=\"wpcf7-form-control wpcf7-text wpcf7-tel wpcf7-validates-as-tel\" aria-invalid=\"false\" placeholder=\"Phone *\" value=\"\" type=\"tel\" name=\"your-phone\" \/><\/span><br \/>\n<\/span><br \/>\n<span class=\"wpcf7-form-control-wrap subject\"><br \/>\n<span class=\"wpcf7-form-control-wrap\" data-name=\"your-subject\"><input size=\"40\" class=\"wpcf7-form-control wpcf7-text\" aria-invalid=\"false\" placeholder=\"CC *\" value=\"\" type=\"text\" name=\"your-subject\" \/><\/span><br \/>\n<\/span><br \/>\n<span class=\"wpcf7-form-control-wrap message\"><br \/>\n<span class=\"wpcf7-form-control-wrap\" data-name=\"your-message\"><textarea cols=\"40\" rows=\"10\" class=\"wpcf7-form-control wpcf7-textarea\" aria-invalid=\"false\" placeholder=\"Message *\" name=\"your-message\"><\/textarea><\/span><br \/>\n<\/span>\n\t<\/p>\n\t<div class=\"wrap-submit\">\n\t\t<p><input class=\"wpcf7-form-control has-spinner wpcf7-submit\" type=\"submit\" value=\"SEND\" \/>\n\t\t<\/p>\n\t<\/div>\n<\/div><div class=\"wpcf7-response-output\" aria-hidden=\"true\"><\/div>\n<input type=\"hidden\" name=\"trp-form-language\" value=\"en\"\/><\/form>\n<\/div>\n<\/div><\/div><\/div><\/div><\/div><div class=\"clearfix\"><\/div><\/section>","protected":false},"excerpt":{"rendered":"WET BLUE,\u00a0 CRUST Y PRODUCTO TERMINADO DESDE 1989 Ll\u00e1manos Contacto Fabricamos el mejor cuero para Calzado, marroquiner\u00eda y vestimenta. Con colores de moda y \u00f3ptima calidad Trabajando desde 1989. Direcci\u00f3n : Panamericana Norte Sector el Pisque Calle Arenillas entrada a Macasto, Ambato Ecuador +593 99 854 4436 + 593 03 243 6443 +593 99 982 [...]","protected":false},"author":2,"featured_media":0,"parent":0,"menu_order":0,"comment_status":"closed","ping_status":"closed","template":"page-templates\/template-canvas.php","meta":{"footnotes":""},"_links":{"self":[{"href":"https:\/\/teneriadiazcl.com\/en\/wp-json\/wp\/v2\/pages\/84"}],"collection":[{"href":"https:\/\/teneriadiazcl.com\/en\/wp-json\/wp\/v2\/pages"}],"about":[{"href":"https:\/\/teneriadiazcl.com\/en\/wp-json\/wp\/v2\/types\/page"}],"author":[{"embeddable":true,"href":"https:\/\/teneriadiazcl.com\/en\/wp-json\/wp\/v2\/users\/2"}],"replies":[{"embeddable":true,"href":"https:\/\/teneriadiazcl.com\/en\/wp-json\/wp\/v2\/comments?post=84"}],"version-history":[{"count":0,"href":"https:\/\/teneriadiazcl.com\/en\/wp-json\/wp\/v2\/pages\/84\/revisions"}],"wp:attachment":[{"href":"https:\/\/teneriadiazcl.com\/en\/wp-json\/wp\/v2\/media?parent=84"}],"curies":[{"name":"wp","href":"https:\/\/api.w.org\/{rel}","templated":true}]}}