{"id":724,"date":"2017-06-15T04:24:29","date_gmt":"2017-06-15T04:24:29","guid":{"rendered":"http:\/\/localhost\/construct\/?page_id=724"},"modified":"2025-08-28T16:54:10","modified_gmt":"2025-08-28T16:54:10","slug":"home-1-full-slider","status":"publish","type":"page","link":"https:\/\/teneriadiazcl.com\/en\/","title":{"rendered":"Curtidur\u00eda en Ambato | Cuero en Ambato, Curtidur\u00eda en Tungurahua"},"content":{"rendered":"<section class=\"vc_rows wpb_row vc_row-fluid bg-color vc_custom_1756399899964 vc_row-has-fill vc_row-o-equal-height vc_row-o-content-bottom vc_row-flex\" ><div class=\"container\"><div class=\"row\"><div class=\"wpb_column vc_column_container vc_col-sm-12\"><div class=\"vc_column-inner\"><div class=\"wpb_wrapper\">\n\t<div class=\"wpb_text_column wpb_content_element  vc_custom_1756399957902\" >\n\t\t<div class=\"wpb_wrapper\">\n\t\t\t<h3 class=\"text-center text-white font-family-heading font-size-30 margin-bottom-30\" style=\"text-align: center;\"><span style=\"font-weight: 400;\">TENERIA DIAZ CIA. LTDA.<\/span><br \/>\nSINCE 1989<\/h3>\n<p style=\"text-align: center;\"><a class=\"wprt-button rounded-3px\" href=\"https:\/\/api.whatsapp.com\/send?phone=593999822135\">CONTACTANOS<\/a><\/p>\n\n\t\t<\/div>\n\t<\/div>\n<\/div><\/div><\/div><\/div><\/div><div class=\"clearfix\"><\/div><\/section><section class=\"vc_rows wpb_row vc_row-fluid vc_custom_1497500715270\" ><div class=\"container\"><div class=\"row\"><div class=\"wpb_column vc_column_container vc_col-sm-12\"><div class=\"vc_column-inner\"><div class=\"wpb_wrapper\">\n\t<div  class=\"wpb_single_image wpb_content_element vc_align_left\">\n\t\t\n\t\t<figure class=\"wpb_wrapper vc_figure\">\n\t\t\t<div class=\"vc_single_image-wrapper   vc_box_border_grey\"><img loading=\"lazy\" decoding=\"async\" class=\"vc_single_image-img\" src=\"https:\/\/teneriadiazcl.com\/wp-content\/uploads\/2023\/12\/anos.png\" width=\"1170\" height=\"240\" alt=\"anos\" title=\"anos\" \/><\/div>\n\t\t<\/figure>\n\t<\/div>\n\n    <h2 class=\"text-center\" >PRODUCTION LINE<\/h2>\n    \t    <div class=\"wprt-lines style-2 custom-1\">\n\t        <div class=\"line-1\"><\/div>\n\t    <\/div>\n    \n        \t\n<div class=\"vc_empty_space\"   style=\"height: 50px\"><span class=\"vc_empty_space_inner\"><\/span><\/div><\/div><\/div><\/div><div class=\"wpb_column vc_column_container vc_col-sm-12 vc_col-md-4\"><div class=\"vc_column-inner\"><div class=\"wpb_wrapper\">\n\t<div class=\"wprt-icon-box accent-background icon-left rounded icon-effect-2 width-70\">\n        <div class=\"icon-wrap font-size-40\">\n            <span class=\"dd-icon  icon-tiles\"><\/span>\n        <\/div>\n        <div class=\"content-wrap\">\n            <h3 class=\"dd-title font-size-18\">WET BLUE<\/h3>\n            <p><\/p>\n<p style=\"text-align: left;\">The leathers are subjected to the action of different chemical agents that interact with the collagen fibers to obtain a stable and durable leather.<\/p>\n<p><\/p>\n        <\/div>\n    <\/div>\n\n\n\t<div class=\"wpb_text_column wpb_content_element\" >\n\t\t<div class=\"wpb_wrapper\">\n\t\t\t<div class=\"wprt-spacer\" style=\"height: 0px;\" data-desktop=\"0\" data-mobi=\"40\" data-smobi=\"40\"><\/div>\n\n\t\t<\/div>\n\t<\/div>\n<\/div><\/div><\/div><div class=\"wpb_column vc_column_container vc_col-sm-12 vc_col-md-4\"><div class=\"vc_column-inner\"><div class=\"wpb_wrapper\">\n\t<div class=\"wprt-icon-box accent-background icon-left rounded icon-effect-2 width-70\">\n        <div class=\"icon-wrap font-size-40\">\n            <span class=\"dd-icon  icon-tiles\"><\/span>\n        <\/div>\n        <div class=\"content-wrap\">\n            <h3 class=\"dd-title font-size-18\">CRUST<\/h3>\n            <p>Semi-finished leather in various colors, various calibers according to customer needs.<\/p>\n        <\/div>\n    <\/div>\n\n\n\t<div class=\"wpb_text_column wpb_content_element\" >\n\t\t<div class=\"wpb_wrapper\">\n\t\t\t<div class=\"wprt-spacer\" style=\"height: 0px;\" data-desktop=\"0\" data-mobi=\"40\" data-smobi=\"40\"><\/div>\n\n\t\t<\/div>\n\t<\/div>\n<\/div><\/div><\/div><div class=\"wpb_column vc_column_container vc_col-sm-12 vc_col-md-4\"><div class=\"vc_column-inner\"><div class=\"wpb_wrapper\">\n\t<div class=\"wprt-icon-box accent-background icon-left rounded icon-effect-2 width-70\">\n        <div class=\"icon-wrap font-size-40\">\n            <span class=\"dd-icon  icon-tiles\"><\/span>\n        <\/div>\n        <div class=\"content-wrap\">\n            <h3 class=\"dd-title font-size-18\">FINISHED PRODUCT<\/h3>\n            <p>Leather in fashionable colors and optimal moldable quality for the manufacture of different footwear, clothing and leather goods.<\/p>\n        <\/div>\n    <\/div>\n\n<\/div><\/div><\/div><\/div><\/div><div class=\"clearfix\"><\/div><\/section><section class=\"vc_rows wpb_row vc_row-fluid vc_custom_1497416090331\" ><div class=\"container\"><div class=\"row\"><div class=\"wpb_column vc_column_container vc_col-sm-6 vc_col-md-6\"><div class=\"vc_column-inner\"><div class=\"wpb_wrapper\">\n    <h2 class=\"text-left\" >ABOUT US<\/h2>\n    \t    <div class=\"wprt-lines style-1 custom-3\">\n\t        <div class=\"line-1\"><\/div>\n\t    <\/div>\n    \n        \t\n\n\t<div class=\"wpb_text_column wpb_content_element  vc_custom_1715698681470\" >\n\t\t<div class=\"wpb_wrapper\">\n\t\t\t<p style=\"text-align: center;\"><span style=\"font-weight: 400;\">\u201cTENERIA DIAZ\u201d es una empresa Ecuatoriana que inicia su vida productiva en el a\u00f1o de 1989, con 35 a\u00f1os de presencia\u00a0 en el mercado y gran experiencia en la fabricaci\u00f3n de cuero de excelente calidad.<\/span><\/p>\n<div class=\"number\" style=\"box-sizing: inherit; margin: 0px; padding: 0px; border: 0px; outline: 0px; font-variant-numeric: inherit; font-variant-east-asian: inherit; font-stretch: inherit; line-height: normal; vertical-align: baseline; font-family: Montserrat, sans-serif; font-size: 40px; color: #4b4b4b; position: relative; text-align: center;\" data-in-viewport=\"yes\" data-speed=\"5000\" data-to=\"100\">Teneria Diaz<\/div>\n<div class=\"number\" style=\"box-sizing: inherit; margin: 0px; padding: 0px; border: 0px; outline: 0px; font-variant-numeric: inherit; font-variant-east-asian: inherit; font-stretch: inherit; line-height: normal; vertical-align: baseline; font-family: Montserrat, sans-serif; font-size: 40px; color: #4b4b4b; position: relative; text-align: center;\" data-in-viewport=\"yes\" data-speed=\"5000\" data-to=\"100\"><span style=\"color: #777777; font-family: 'Open Sans', sans-serif; font-size: 14px; letter-spacing: 1px;\">Research + Design + Development + Quality<\/span><\/div>\n\n\t\t<\/div>\n\t<\/div>\n<\/div><\/div><\/div><div class=\"wpb_column vc_column_container vc_col-sm-6\"><div class=\"vc_column-inner\"><div class=\"wpb_wrapper\">\n\t<div class=\"wpb_video_widget wpb_content_element vc_clearfix  wpb_animate_when_almost_visible wpb_flipInX flipInX  vc_video-aspect-ratio-169 vc_video-el-width-100 vc_video-align-left\" >\n\t\t<div class=\"wpb_wrapper\">\n\t\t\t\n\t\t\t<div class=\"wpb_video_wrapper\"><iframe loading=\"lazy\" title=\"Tener\u00eda D\u00edaz | Innovaci\u00f3n en cuero con compromiso ambiental\" width=\"640\" height=\"360\" src=\"https:\/\/www.youtube.com\/embed\/D8zBIO6ELpg?feature=oembed\" frameborder=\"0\" allow=\"accelerometer; autoplay; clipboard-write; encrypted-media; gyroscope; picture-in-picture; web-share\" referrerpolicy=\"strict-origin-when-cross-origin\" allowfullscreen><\/iframe><\/div>\n\t\t<\/div>\n\t<\/div>\n<\/div><\/div><\/div><\/div><\/div><div class=\"clearfix\"><\/div><\/section><section class=\"vc_rows wpb_row vc_row-fluid vc_custom_1497501529925\" ><div class=\"container\"><div class=\"row\"><div class=\"wpb_column vc_column_container vc_col-sm-12 vc_col-md-6\"><div class=\"vc_column-inner\"><div class=\"wpb_wrapper\">\n    <h2 class=\"text-left\" >QUALITY POLITICS<\/h2>\n    \t    <div class=\"wprt-lines style-1 custom-3\">\n\t        <div class=\"line-1\"><\/div>\n\t    <\/div>\n    \n        \t\n<div class=\"vc_empty_space\"   style=\"height: 50px\"><span class=\"vc_empty_space_inner\"><\/span><\/div>\n\t<div class=\"wpb_text_column wpb_content_element  vc_custom_1497520256136\" >\n\t\t<div class=\"wpb_wrapper\">\n\t\t\t<div class=\"wprt-spacer\" style=\"height: 0px;\" data-desktop=\"0\" data-mobi=\"35\" data-smobi=\"35\"><\/div>\n\n\t\t<\/div>\n\t<\/div>\n<section class=\"vc_cta3-container\"><div class=\"vc_general vc_cta3 vc_cta3-style-classic vc_cta3-shape-rounded vc_cta3-align-left vc_cta3-color-classic vc_cta3-icon-size-md\"><div class=\"vc_cta3_content-container\"><div class=\"vc_cta3-content\"><header class=\"vc_cta3-content-header\"><h2>TENER\u00cdA D\u00cdAZ COMMITS TO:<\/h2><\/header><ul>\n<li>Produce good quality leather for footwear and clothing.<\/li>\n<li>Ensure the satisfaction of our customers.<\/li>\n<li>Contribute to the development of our employees.<\/li>\n<li>Continuously improve our quality system.<\/li>\n<li>Obtain a profitability that ensures constant progress.<\/li>\n<li>Collaborate with the conservation of the Environment.<\/li>\n<\/ul>\n<\/div><\/div><\/div><\/section><\/div><\/div><\/div><div class=\"wpb_column vc_column_container vc_col-sm-12 vc_col-md-6\"><div class=\"vc_column-inner\"><div class=\"wpb_wrapper\">\n    <h2 class=\"text-left\" >ABOUT US<\/h2>\n    \t    <div class=\"wprt-lines style-1 custom-3\">\n\t        <div class=\"line-1\"><\/div>\n\t    <\/div>\n    \n        \t\n<div class=\"vc_empty_space\"   style=\"height: 50px\"><span class=\"vc_empty_space_inner\"><\/span><\/div>\t\n\t<div class=\"wprt-galleries galleries w-770px\" data-width=\"142\" data-margin=\"15\">\n        <div id=\"wprt-slider\" class=\"flexslider\">\n            <ul class=\"slides\">\n                \t                <li class=\"flex-active-slide\">\n\t                    <a class=\"zoom\" href=\"https:\/\/teneriadiazcl.com\/wp-content\/uploads\/2020\/09\/usar-para-editr.jpg\"><i class=\"fa fa-arrows-alt\"><\/i><\/a>\n\t                    <img decoding=\"async\" src=\"https:\/\/teneriadiazcl.com\/wp-content\/uploads\/2020\/09\/usar-para-editr.jpg\" alt=\"image\" \/>\n\t                <\/li>\n\t            \t                <li class=\"flex-active-slide\">\n\t                    <a class=\"zoom\" href=\"https:\/\/teneriadiazcl.com\/wp-content\/uploads\/2020\/09\/subircuero.jpg\"><i class=\"fa fa-arrows-alt\"><\/i><\/a>\n\t                    <img decoding=\"async\" src=\"https:\/\/teneriadiazcl.com\/wp-content\/uploads\/2020\/09\/subircuero.jpg\" alt=\"image\" \/>\n\t                <\/li>\n\t            \t                <li class=\"flex-active-slide\">\n\t                    <a class=\"zoom\" href=\"https:\/\/teneriadiazcl.com\/wp-content\/uploads\/2020\/09\/final-del-fina.jpg\"><i class=\"fa fa-arrows-alt\"><\/i><\/a>\n\t                    <img decoding=\"async\" src=\"https:\/\/teneriadiazcl.com\/wp-content\/uploads\/2020\/09\/final-del-fina.jpg\" alt=\"image\" \/>\n\t                <\/li>\n\t            \t                <li class=\"flex-active-slide\">\n\t                    <a class=\"zoom\" href=\"https:\/\/teneriadiazcl.com\/wp-content\/uploads\/2020\/09\/hd-usar-protada.jpg\"><i class=\"fa fa-arrows-alt\"><\/i><\/a>\n\t                    <img decoding=\"async\" src=\"https:\/\/teneriadiazcl.com\/wp-content\/uploads\/2020\/09\/hd-usar-protada.jpg\" alt=\"image\" \/>\n\t                <\/li>\n\t            \t                <li class=\"flex-active-slide\">\n\t                    <a class=\"zoom\" href=\"https:\/\/teneriadiazcl.com\/wp-content\/uploads\/2020\/09\/sbebebebe.jpg\"><i class=\"fa fa-arrows-alt\"><\/i><\/a>\n\t                    <img decoding=\"async\" src=\"https:\/\/teneriadiazcl.com\/wp-content\/uploads\/2020\/09\/sbebebebe.jpg\" alt=\"image\" \/>\n\t                <\/li>\n\t            \t                <li class=\"flex-active-slide\">\n\t                    <a class=\"zoom\" href=\"https:\/\/teneriadiazcl.com\/wp-content\/uploads\/2020\/09\/SUNIR.jpg\"><i class=\"fa fa-arrows-alt\"><\/i><\/a>\n\t                    <img decoding=\"async\" src=\"https:\/\/teneriadiazcl.com\/wp-content\/uploads\/2020\/09\/SUNIR.jpg\" alt=\"image\" \/>\n\t                <\/li>\n\t            \t                <li class=\"flex-active-slide\">\n\t                    <a class=\"zoom\" href=\"https:\/\/teneriadiazcl.com\/wp-content\/uploads\/2020\/09\/usar-ultra-hd.jpg\"><i class=\"fa fa-arrows-alt\"><\/i><\/a>\n\t                    <img decoding=\"async\" src=\"https:\/\/teneriadiazcl.com\/wp-content\/uploads\/2020\/09\/usar-ultra-hd.jpg\" alt=\"image\" \/>\n\t                <\/li>\n\t            \t                <li class=\"flex-active-slide\">\n\t                    <a class=\"zoom\" href=\"https:\/\/teneriadiazcl.com\/wp-content\/uploads\/2020\/09\/subir-plancha-web.jpg\"><i class=\"fa fa-arrows-alt\"><\/i><\/a>\n\t                    <img decoding=\"async\" src=\"https:\/\/teneriadiazcl.com\/wp-content\/uploads\/2020\/09\/subir-plancha-web.jpg\" alt=\"image\" \/>\n\t                <\/li>\n\t                            \n            <\/ul>\n        <\/div>\n\n        <div id=\"wprt-carousel\" class=\"flexslider\">\n            <ul class=\"slides\">\n            \t                \t<li><img decoding=\"async\" src=\"https:\/\/teneriadiazcl.com\/wp-content\/uploads\/2020\/09\/usar-para-editr.jpg\" alt=\"image\"><\/li>\n                                \t<li><img decoding=\"async\" src=\"https:\/\/teneriadiazcl.com\/wp-content\/uploads\/2020\/09\/subircuero.jpg\" alt=\"image\"><\/li>\n                                \t<li><img decoding=\"async\" src=\"https:\/\/teneriadiazcl.com\/wp-content\/uploads\/2020\/09\/final-del-fina.jpg\" alt=\"image\"><\/li>\n                                \t<li><img decoding=\"async\" src=\"https:\/\/teneriadiazcl.com\/wp-content\/uploads\/2020\/09\/hd-usar-protada.jpg\" alt=\"image\"><\/li>\n                                \t<li><img decoding=\"async\" src=\"https:\/\/teneriadiazcl.com\/wp-content\/uploads\/2020\/09\/sbebebebe.jpg\" alt=\"image\"><\/li>\n                                \t<li><img decoding=\"async\" src=\"https:\/\/teneriadiazcl.com\/wp-content\/uploads\/2020\/09\/SUNIR.jpg\" alt=\"image\"><\/li>\n                                \t<li><img decoding=\"async\" src=\"https:\/\/teneriadiazcl.com\/wp-content\/uploads\/2020\/09\/usar-ultra-hd.jpg\" alt=\"image\"><\/li>\n                                \t<li><img decoding=\"async\" src=\"https:\/\/teneriadiazcl.com\/wp-content\/uploads\/2020\/09\/subir-plancha-web.jpg\" alt=\"image\"><\/li>\n                            <\/ul>\n        <\/div>\n    <\/div>\t\n\n<\/div><\/div><\/div><\/div><\/div><div class=\"clearfix\"><\/div><\/section><section class=\"vc_rows wpb_row vc_row-fluid vc_custom_1497502008264 vc_row-has-fill\" ><div class=\"container\"><div class=\"row\"><div class=\"wpb_column vc_column_container vc_col-sm-12\"><div class=\"vc_column-inner\"><div class=\"wpb_wrapper\">\n\t<div class=\"wpb_video_widget wpb_content_element vc_clearfix   vc_video-aspect-ratio-169 vc_video-el-width-100 vc_video-align-left\" >\n\t\t<div class=\"wpb_wrapper\">\n\t\t\t\n\t\t\t<div class=\"wpb_video_wrapper\"><iframe loading=\"lazy\" title=\"Tener\u00eda D\u00edaz | Cuero de calidad hecho en Ecuador\" width=\"640\" height=\"360\" src=\"https:\/\/www.youtube.com\/embed\/gWkwa2cx4r0?feature=oembed\" frameborder=\"0\" allow=\"accelerometer; autoplay; clipboard-write; encrypted-media; gyroscope; picture-in-picture; web-share\" referrerpolicy=\"strict-origin-when-cross-origin\" allowfullscreen><\/iframe><\/div>\n\t\t<\/div>\n\t<\/div>\n\n    <h2 class=\"text-left\" >READY FOR THE BEST SERVICE<\/h2>\n    \t    <div class=\"wprt-lines style-1 custom-3\">\n\t        <div class=\"line-1\"><\/div>\n\t    <\/div>\n    \n        \t\n<div class=\"vc_empty_space\"   style=\"height: 50px\"><span class=\"vc_empty_space_inner\"><\/span><\/div>\t\n\t<div class=\"wprt-service arrow-style-2 has-arrows arrow60 arrow-light\" data-layout=\"slider\" data-column=\"3\" data-column2=\"3\" data-column3=\"2\" data-column4=\"1\" data-gaph=\"30\" data-gapv=\"30\">\n\t\t<div id=\"service-wrap\" class=\"cbp\">\n\t\t\t\t\t\t\t<div class=\"cbp-item\">\n\t                <div class=\"service-item clearfix\">\n\t                    <div class=\"thumb\"><img loading=\"lazy\" decoding=\"async\" width=\"370\" height=\"220\" src=\"https:\/\/teneriadiazcl.com\/wp-content\/uploads\/2017\/05\/subir01.jpg\" class=\"attachment-post-thumbnail size-post-thumbnail wp-post-image\" alt=\"\" srcset=\"https:\/\/teneriadiazcl.com\/wp-content\/uploads\/2017\/05\/subir01.jpg 370w, https:\/\/teneriadiazcl.com\/wp-content\/uploads\/2017\/05\/subir01-300x178.jpg 300w\" sizes=\"(max-width: 370px) 100vw, 370px\" \/><\/div>\n\t                    <div class=\"service-item-wrap\">\n\t                        <h3 class=\"title font-size-18\"><a href=\"https:\/\/teneriadiazcl.com\/en\/services\/descubre-la-mejor-curtiduria-en-ambato-productos-de-cuero-de-alta-calidad-artesania-visitanos-ahora-tungurahua-la-mejor-curtiduria-ambato\/\">Waterproof<\/a><\/h3>\n\t                        <p><p>Products with high quality hydro repellent characteristics.<\/p>\n<\/p>\n\t                        <a href=\"https:\/\/teneriadiazcl.com\/en\/services\/descubre-la-mejor-curtiduria-en-ambato-productos-de-cuero-de-alta-calidad-artesania-visitanos-ahora-tungurahua-la-mejor-curtiduria-ambato\/\" class=\"wprt-button small rounded-3px\">READ MORE<\/a>\n\t                    <\/div>\n\t                <\/div>\n\t            <\/div>\n\t        \t\t\t\t<div class=\"cbp-item\">\n\t                <div class=\"service-item clearfix\">\n\t                    <div class=\"thumb\"><img loading=\"lazy\" decoding=\"async\" width=\"370\" height=\"220\" src=\"https:\/\/teneriadiazcl.com\/wp-content\/uploads\/2017\/05\/usar10.jpg\" class=\"attachment-post-thumbnail size-post-thumbnail wp-post-image\" alt=\"\" srcset=\"https:\/\/teneriadiazcl.com\/wp-content\/uploads\/2017\/05\/usar10.jpg 370w, https:\/\/teneriadiazcl.com\/wp-content\/uploads\/2017\/05\/usar10-300x178.jpg 300w\" sizes=\"(max-width: 370px) 100vw, 370px\" \/><\/div>\n\t                    <div class=\"service-item-wrap\">\n\t                        <h3 class=\"title font-size-18\"><a href=\"https:\/\/teneriadiazcl.com\/en\/services\/descubre-la-mejor-curtiduria-en-ambato-productos-de-cuero-de-alta-calidad-artesania-visitanos-ahora-tungurahua-la-mejor-curtiduria-ambato-2\/\">Ensure satisfaction<\/a><\/h3>\n\t                        <p><p>Production to market demand, with greater business opportunities.<\/p>\n<\/p>\n\t                        <a href=\"https:\/\/teneriadiazcl.com\/en\/services\/descubre-la-mejor-curtiduria-en-ambato-productos-de-cuero-de-alta-calidad-artesania-visitanos-ahora-tungurahua-la-mejor-curtiduria-ambato-2\/\" class=\"wprt-button small rounded-3px\">READ MORE<\/a>\n\t                    <\/div>\n\t                <\/div>\n\t            <\/div>\n\t        \t\t\t\t<div class=\"cbp-item\">\n\t                <div class=\"service-item clearfix\">\n\t                    <div class=\"thumb\"><img loading=\"lazy\" decoding=\"async\" width=\"370\" height=\"220\" src=\"https:\/\/teneriadiazcl.com\/wp-content\/uploads\/2017\/05\/uso07.jpg\" class=\"attachment-post-thumbnail size-post-thumbnail wp-post-image\" alt=\"\" srcset=\"https:\/\/teneriadiazcl.com\/wp-content\/uploads\/2017\/05\/uso07.jpg 370w, https:\/\/teneriadiazcl.com\/wp-content\/uploads\/2017\/05\/uso07-300x178.jpg 300w\" sizes=\"(max-width: 370px) 100vw, 370px\" \/><\/div>\n\t                    <div class=\"service-item-wrap\">\n\t                        <h3 class=\"title font-size-18\"><a href=\"https:\/\/teneriadiazcl.com\/en\/services\/descubre-la-mejor-curtiduria-en-ambato-productos-de-cuero-de-alta-calidad-artesania-visitanos-ahora-tungurahua-la-mejor-curtiduria-ambato-3\/\">Currently Our Company<\/a><\/h3>\n\t                        <p><p>It produces 90% of leather for footwear in soft leathers and 10% in leathers for clothing.<\/p>\n<\/p>\n\t                        <a href=\"https:\/\/teneriadiazcl.com\/en\/services\/descubre-la-mejor-curtiduria-en-ambato-productos-de-cuero-de-alta-calidad-artesania-visitanos-ahora-tungurahua-la-mejor-curtiduria-ambato-3\/\" class=\"wprt-button small rounded-3px\">READ MORE<\/a>\n\t                    <\/div>\n\t                <\/div>\n\t            <\/div>\n\t        \t\t\t\t<div class=\"cbp-item\">\n\t                <div class=\"service-item clearfix\">\n\t                    <div class=\"thumb\"><img loading=\"lazy\" decoding=\"async\" width=\"370\" height=\"220\" src=\"https:\/\/teneriadiazcl.com\/wp-content\/uploads\/2017\/05\/usar06.jpg\" class=\"attachment-post-thumbnail size-post-thumbnail wp-post-image\" alt=\"\" srcset=\"https:\/\/teneriadiazcl.com\/wp-content\/uploads\/2017\/05\/usar06.jpg 370w, https:\/\/teneriadiazcl.com\/wp-content\/uploads\/2017\/05\/usar06-300x178.jpg 300w\" sizes=\"(max-width: 370px) 100vw, 370px\" \/><\/div>\n\t                    <div class=\"service-item-wrap\">\n\t                        <h3 class=\"title font-size-18\"><a href=\"https:\/\/teneriadiazcl.com\/en\/services\/descubre-la-mejor-curtiduria-en-ambato-productos-de-cuero-de-alta-calidad-artesania-visitanos-ahora-tungurahua-la-mejor-curtiduria-ambato-4\/\">Production<\/a><\/h3>\n\t                        <p><p>Mechanized system that streamlines procedures.<\/p>\n<\/p>\n\t                        <a href=\"https:\/\/teneriadiazcl.com\/en\/services\/descubre-la-mejor-curtiduria-en-ambato-productos-de-cuero-de-alta-calidad-artesania-visitanos-ahora-tungurahua-la-mejor-curtiduria-ambato-4\/\" class=\"wprt-button small rounded-3px\">READ MORE<\/a>\n\t                    <\/div>\n\t                <\/div>\n\t            <\/div>\n\t        \t\t\t\t<div class=\"cbp-item\">\n\t                <div class=\"service-item clearfix\">\n\t                    <div class=\"thumb\"><img loading=\"lazy\" decoding=\"async\" width=\"370\" height=\"220\" src=\"https:\/\/teneriadiazcl.com\/wp-content\/uploads\/2017\/05\/subir03.jpg\" class=\"attachment-post-thumbnail size-post-thumbnail wp-post-image\" alt=\"\" srcset=\"https:\/\/teneriadiazcl.com\/wp-content\/uploads\/2017\/05\/subir03.jpg 370w, https:\/\/teneriadiazcl.com\/wp-content\/uploads\/2017\/05\/subir03-300x178.jpg 300w\" sizes=\"(max-width: 370px) 100vw, 370px\" \/><\/div>\n\t                    <div class=\"service-item-wrap\">\n\t                        <h3 class=\"title font-size-18\"><a href=\"https:\/\/teneriadiazcl.com\/en\/services\/descubre-la-mejor-curtiduria-en-ambato-productos-de-cuero-de-alta-calidad-artesania-visitanos-ahora-tungurahua-la-mejor-curtiduria-ambato-5\/\">Waterproof Leather<\/a><\/h3>\n\t                        <p><p>Without losing its properties, washable without spoiling or deteriorating.<\/p>\n<\/p>\n\t                        <a href=\"https:\/\/teneriadiazcl.com\/en\/services\/descubre-la-mejor-curtiduria-en-ambato-productos-de-cuero-de-alta-calidad-artesania-visitanos-ahora-tungurahua-la-mejor-curtiduria-ambato-5\/\" class=\"wprt-button small rounded-3px\">READ MORE<\/a>\n\t                    <\/div>\n\t                <\/div>\n\t            <\/div>\n\t        \t\t\t\t<div class=\"cbp-item\">\n\t                <div class=\"service-item clearfix\">\n\t                    <div class=\"thumb\"><img loading=\"lazy\" decoding=\"async\" width=\"370\" height=\"220\" src=\"https:\/\/teneriadiazcl.com\/wp-content\/uploads\/2017\/04\/subir02.jpg\" class=\"attachment-post-thumbnail size-post-thumbnail wp-post-image\" alt=\"\" srcset=\"https:\/\/teneriadiazcl.com\/wp-content\/uploads\/2017\/04\/subir02.jpg 370w, https:\/\/teneriadiazcl.com\/wp-content\/uploads\/2017\/04\/subir02-300x178.jpg 300w\" sizes=\"(max-width: 370px) 100vw, 370px\" \/><\/div>\n\t                    <div class=\"service-item-wrap\">\n\t                        <h3 class=\"title font-size-18\"><a href=\"https:\/\/teneriadiazcl.com\/en\/services\/descubre-la-mejor-curtiduria-en-ambato-productos-de-cuero-de-alta-calidad-artesania-visitanos-ahora-tungurahua-la-mejor-curtiduria-ambato-6\/\">Fireproof<\/a><\/h3>\n\t                        <p><p>Leather subjected to a certain temperature is not capable of reacting to combustion.<\/p>\n<\/p>\n\t                        <a href=\"https:\/\/teneriadiazcl.com\/en\/services\/descubre-la-mejor-curtiduria-en-ambato-productos-de-cuero-de-alta-calidad-artesania-visitanos-ahora-tungurahua-la-mejor-curtiduria-ambato-6\/\" class=\"wprt-button small rounded-3px\">READ MORE<\/a>\n\t                    <\/div>\n\t                <\/div>\n\t            <\/div>\n\t        \t\t<\/div>\n\t<\/div>\n  \t\n<\/div><\/div><\/div><\/div><\/div><div class=\"clearfix\"><\/div><\/section>","protected":false},"excerpt":{"rendered":"MANY YEARS OF EXPERIENCE Lorem ipsum dolor sit amet, consectetur adipiscing elit. Quisque nec erat erat. Integer blandit nulla quis fermentum hendrerit. Vestibulum eu libero volutpat, portas quam acc, tempus sem. Donec sodales quam id lorem lobortis, vitae interdum nisl vehicula. Pellentesque habitant morbi tristique senectus et netus et malesuada fames ac turpis egestas. Etiam [...]","protected":false},"author":2,"featured_media":0,"parent":0,"menu_order":0,"comment_status":"closed","ping_status":"closed","template":"page-templates\/template-trans.php","meta":{"footnotes":""},"_links":{"self":[{"href":"https:\/\/teneriadiazcl.com\/en\/wp-json\/wp\/v2\/pages\/724"}],"collection":[{"href":"https:\/\/teneriadiazcl.com\/en\/wp-json\/wp\/v2\/pages"}],"about":[{"href":"https:\/\/teneriadiazcl.com\/en\/wp-json\/wp\/v2\/types\/page"}],"author":[{"embeddable":true,"href":"https:\/\/teneriadiazcl.com\/en\/wp-json\/wp\/v2\/users\/2"}],"replies":[{"embeddable":true,"href":"https:\/\/teneriadiazcl.com\/en\/wp-json\/wp\/v2\/comments?post=724"}],"version-history":[{"count":20,"href":"https:\/\/teneriadiazcl.com\/en\/wp-json\/wp\/v2\/pages\/724\/revisions"}],"predecessor-version":[{"id":1745,"href":"https:\/\/teneriadiazcl.com\/en\/wp-json\/wp\/v2\/pages\/724\/revisions\/1745"}],"wp:attachment":[{"href":"https:\/\/teneriadiazcl.com\/en\/wp-json\/wp\/v2\/media?parent=724"}],"curies":[{"name":"wp","href":"https:\/\/api.w.org\/{rel}","templated":true}]}}