{"id":657,"date":"2017-06-14T05:00:40","date_gmt":"2017-06-14T05:00:40","guid":{"rendered":"http:\/\/localhost\/construct\/?page_id=657"},"modified":"2024-05-14T15:06:10","modified_gmt":"2024-05-14T15:06:10","slug":"about-us-2","status":"publish","type":"page","link":"https:\/\/teneriadiazcl.com\/en\/about-us-2\/","title":{"rendered":"ABOUT US"},"content":{"rendered":"<section class=\"vc_rows wpb_row vc_row-fluid\" ><div class=\"container\"><div class=\"row\"><div class=\"wpb_column vc_column_container vc_col-sm-12\"><div class=\"vc_column-inner\"><div class=\"wpb_wrapper\">[rev_slider slidertitle=\u00bbHome Simple\u00bb alias=\u00bbhome-simple\u00bb]<\/div><\/div><\/div><\/div><\/div><div class=\"clearfix\"><\/div><\/section><section class=\"vc_rows wpb_row vc_row-fluid vc_custom_1497416090331\" ><div class=\"container\"><div class=\"row\"><div class=\"wpb_column vc_column_container vc_col-sm-12 vc_col-md-6\"><div class=\"vc_column-inner\"><div class=\"wpb_wrapper\">\n    <h2 class=\"text-left\" >ABOUT US<\/h2>\n    \t    <div class=\"wprt-lines style-1 custom-3\">\n\t        <div class=\"line-1\"><\/div>\n\t    <\/div>\n    \n        \t\n\n\t<div class=\"wpb_text_column wpb_content_element  vc_custom_1715698811139\" >\n\t\t<div class=\"wpb_wrapper\">\n\t\t\t<p style=\"text-align: center;\"><span style=\"font-weight: 400;\">\u201cTENERIA DIAZ\u201d es una empresa Ecuatoriana que inicia su vida productiva en el a\u00f1o de 1989, con 35 a\u00f1os de presencia\u00a0 en el mercado y gran experiencia en la fabricaci\u00f3n de cuero de excelente calidad.<\/span><\/p>\n<div class=\"number\" style=\"box-sizing: inherit; margin: 0px; padding: 0px; border: 0px; outline: 0px; font-variant-numeric: inherit; font-variant-east-asian: inherit; font-stretch: inherit; line-height: normal; vertical-align: baseline; font-family: Montserrat, sans-serif; font-size: 40px; color: #4b4b4b; position: relative; text-align: center;\" data-in-viewport=\"yes\" data-speed=\"5000\" data-to=\"100\">Teneria Diaz<\/div>\n<div class=\"number\" style=\"box-sizing: inherit; margin: 0px; padding: 0px; border: 0px; outline: 0px; font-variant-numeric: inherit; font-variant-east-asian: inherit; font-stretch: inherit; line-height: normal; vertical-align: baseline; font-family: Montserrat, sans-serif; font-size: 40px; color: #4b4b4b; position: relative; text-align: center;\" data-in-viewport=\"yes\" data-speed=\"5000\" data-to=\"100\"><span style=\"color: #777777; font-family: 'Open Sans', sans-serif; font-size: 14px; letter-spacing: 1px;\">Research + Design + Development + Quality<\/span><\/div>\n\n\t\t<\/div>\n\t<\/div>\n<div class=\"vc_row wpb_row vc_inner vc_row-fluid\"><div class=\"wpb_column vc_column_container vc_col-sm-6\"><div class=\"vc_column-inner\"><div class=\"wpb_wrapper\">\n\t<div class=\"wprt-counter text-center  has-plus\">\n        <div class=\"number\" data-speed=\"5000\" data-to=\"35\" data-in-viewport=\"yes\">35<\/div>\n        <div class=\"text\">YEARS OF EXPERIENCE<\/div>\n    <\/div>\n    \t\n<\/div><\/div><\/div><div class=\"wpb_column vc_column_container vc_col-sm-6\"><div class=\"vc_column-inner\"><div class=\"wpb_wrapper\">\n\t<div class=\"wprt-counter text-center  has-plus\">\n        <div class=\"number\" data-speed=\"5000\" data-to=\"100\" data-in-viewport=\"yes\">100<\/div>\n        <div class=\"text\">QUALITY AND PRODUCTIVITY CONTROL<\/div>\n    <\/div>\n    \t\n<\/div><\/div><\/div><\/div>\n\t<div class=\"wpb_text_column wpb_content_element\" >\n\t\t<div class=\"wpb_wrapper\">\n\t\t\t<div class=\"wprt-spacer\" style=\"height: 0px;\" data-desktop=\"0\" data-mobi=\"35\" data-smobi=\"35\"><\/div>\n\n\t\t<\/div>\n\t<\/div>\n<\/div><\/div><\/div><div class=\"wpb_column vc_column_container vc_col-sm-12 vc_col-md-6\"><div class=\"vc_column-inner\"><div class=\"wpb_wrapper\"><div class=\"vc_empty_space\"   style=\"height: 50px\"><span class=\"vc_empty_space_inner\"><\/span><\/div>\t\n\t<div class=\"wprt-galleries galleries w-770px\" data-width=\"142\" data-margin=\"15\">\n        <div id=\"wprt-slider\" class=\"flexslider\">\n            <ul class=\"slides\">\n                \t                <li class=\"flex-active-slide\">\n\t                    <a class=\"zoom\" href=\"https:\/\/teneriadiazcl.com\/wp-content\/uploads\/2020\/10\/para-seccion-de-imagene.png\"><i class=\"fa fa-arrows-alt\"><\/i><\/a>\n\t                    <img decoding=\"async\" src=\"https:\/\/teneriadiazcl.com\/wp-content\/uploads\/2020\/10\/para-seccion-de-imagene.png\" alt=\"image\" \/>\n\t                <\/li>\n\t            \t                <li class=\"flex-active-slide\">\n\t                    <a class=\"zoom\" href=\"https:\/\/teneriadiazcl.com\/wp-content\/uploads\/2020\/10\/Sin-titulo-1.jpg\"><i class=\"fa fa-arrows-alt\"><\/i><\/a>\n\t                    <img decoding=\"async\" src=\"https:\/\/teneriadiazcl.com\/wp-content\/uploads\/2020\/10\/Sin-titulo-1.jpg\" alt=\"image\" \/>\n\t                <\/li>\n\t            \t                <li class=\"flex-active-slide\">\n\t                    <a class=\"zoom\" href=\"https:\/\/teneriadiazcl.com\/wp-content\/uploads\/2020\/10\/Sin-titulo-1q.jpg\"><i class=\"fa fa-arrows-alt\"><\/i><\/a>\n\t                    <img decoding=\"async\" src=\"https:\/\/teneriadiazcl.com\/wp-content\/uploads\/2020\/10\/Sin-titulo-1q.jpg\" alt=\"image\" \/>\n\t                <\/li>\n\t            \t                <li class=\"flex-active-slide\">\n\t                    <a class=\"zoom\" href=\"https:\/\/teneriadiazcl.com\/wp-content\/uploads\/2020\/09\/2-1.jpg\"><i class=\"fa fa-arrows-alt\"><\/i><\/a>\n\t                    <img decoding=\"async\" src=\"https:\/\/teneriadiazcl.com\/wp-content\/uploads\/2020\/09\/2-1.jpg\" alt=\"image\" \/>\n\t                <\/li>\n\t            \t                <li class=\"flex-active-slide\">\n\t                    <a class=\"zoom\" href=\"https:\/\/teneriadiazcl.com\/wp-content\/uploads\/2020\/09\/4.jpg\"><i class=\"fa fa-arrows-alt\"><\/i><\/a>\n\t                    <img decoding=\"async\" src=\"https:\/\/teneriadiazcl.com\/wp-content\/uploads\/2020\/09\/4.jpg\" alt=\"image\" \/>\n\t                <\/li>\n\t            \t                <li class=\"flex-active-slide\">\n\t                    <a class=\"zoom\" href=\"https:\/\/teneriadiazcl.com\/wp-content\/uploads\/2020\/09\/45.jpg\"><i class=\"fa fa-arrows-alt\"><\/i><\/a>\n\t                    <img decoding=\"async\" src=\"https:\/\/teneriadiazcl.com\/wp-content\/uploads\/2020\/09\/45.jpg\" alt=\"image\" \/>\n\t                <\/li>\n\t            \t                <li class=\"flex-active-slide\">\n\t                    <a class=\"zoom\" href=\"https:\/\/teneriadiazcl.com\/wp-content\/uploads\/2020\/09\/555.jpg\"><i class=\"fa fa-arrows-alt\"><\/i><\/a>\n\t                    <img decoding=\"async\" src=\"https:\/\/teneriadiazcl.com\/wp-content\/uploads\/2020\/09\/555.jpg\" alt=\"image\" \/>\n\t                <\/li>\n\t                            \n            <\/ul>\n        <\/div>\n\n        <div id=\"wprt-carousel\" class=\"flexslider\">\n            <ul class=\"slides\">\n            \t                \t<li><img decoding=\"async\" src=\"https:\/\/teneriadiazcl.com\/wp-content\/uploads\/2020\/10\/para-seccion-de-imagene.png\" alt=\"image\"><\/li>\n                                \t<li><img decoding=\"async\" src=\"https:\/\/teneriadiazcl.com\/wp-content\/uploads\/2020\/10\/Sin-titulo-1.jpg\" alt=\"image\"><\/li>\n                                \t<li><img decoding=\"async\" src=\"https:\/\/teneriadiazcl.com\/wp-content\/uploads\/2020\/10\/Sin-titulo-1q.jpg\" alt=\"image\"><\/li>\n                                \t<li><img decoding=\"async\" src=\"https:\/\/teneriadiazcl.com\/wp-content\/uploads\/2020\/09\/2-1.jpg\" alt=\"image\"><\/li>\n                                \t<li><img decoding=\"async\" src=\"https:\/\/teneriadiazcl.com\/wp-content\/uploads\/2020\/09\/4.jpg\" alt=\"image\"><\/li>\n                                \t<li><img decoding=\"async\" src=\"https:\/\/teneriadiazcl.com\/wp-content\/uploads\/2020\/09\/45.jpg\" alt=\"image\"><\/li>\n                                \t<li><img decoding=\"async\" src=\"https:\/\/teneriadiazcl.com\/wp-content\/uploads\/2020\/09\/555.jpg\" alt=\"image\"><\/li>\n                            <\/ul>\n        <\/div>\n    <\/div>\t\n\n<\/div><\/div><\/div><div class=\"wpb_column vc_column_container vc_col-sm-12\"><div class=\"vc_column-inner\"><div class=\"wpb_wrapper\"><div class=\"vc_empty_space\"   style=\"height: 32px\"><span class=\"vc_empty_space_inner\"><\/span><\/div>\n\t<div  class=\"wpb_single_image wpb_content_element vc_align_left\">\n\t\t\n\t\t<figure class=\"wpb_wrapper vc_figure\">\n\t\t\t<div class=\"vc_single_image-wrapper   vc_box_border_grey\"><img loading=\"lazy\" decoding=\"async\" class=\"vc_single_image-img\" src=\"https:\/\/teneriadiazcl.com\/wp-content\/uploads\/2023\/12\/anos.png\" width=\"1170\" height=\"240\" alt=\"anos\" title=\"anos\" \/><\/div>\n\t\t<\/figure>\n\t<\/div>\n<\/div><\/div><\/div><\/div><\/div><div class=\"clearfix\"><\/div><\/section><section  class=\"vc_rows wpb_row vc_row-fluid vc_custom_1602251541885 vc_row-has-fill parallax\" ><div class=\"container\"><div class=\"row\"><div class=\"wpb_column vc_column_container vc_col-sm-12\"><div class=\"vc_column-inner\"><div class=\"wpb_wrapper\">\n\t<div class=\"wpb_text_column wpb_content_element  vc_custom_1602131549922\" >\n\t\t<div class=\"wpb_wrapper\">\n\t\t\t<h3 class=\"text-center text-white font-family-heading font-size-30 margin-bottom-30\" style=\"text-align: center;\"><span style=\"font-weight: 400;\">WET BLUE, CRUST AND FINISHED PRODUCT\u00a0<\/span><br \/>\nSINCE 1989<\/h3>\n<p style=\"text-align: center;\"><a class=\"wprt-button rounded-3px\" href=\"https:\/\/api.whatsapp.com\/send?phone=593999822135\">Contact us<\/a><\/p>\n\n\t\t<\/div>\n\t<\/div>\n<div class=\"vc_empty_space\"   style=\"height: 32px\"><span class=\"vc_empty_space_inner\"><\/span><\/div><\/div><\/div><\/div><\/div><\/div><div class=\"clearfix\"><\/div><\/section>","protected":false},"excerpt":{"rendered":"[rev_slider slidertitle=\"Home Simple\" alias=\"home-simple\"] QUI\u00c9NES SOMOS \u201cTENERIA DIAZ\u201d es una empresa Ecuatoriana que inicia su vida productiva en el a\u00f1o de 1989, con 35 a\u00f1os de presencia\u00a0 en el mercado y gran experiencia en la fabricaci\u00f3n de cuero de excelente calidad. Teneria Diaz Investigaci\u00f3n + Dise\u00f1o + Desarrollo + Calidad 35 A\u00d1OS DE EXPERIENCIA 100 [...]","protected":false},"author":2,"featured_media":0,"parent":0,"menu_order":0,"comment_status":"closed","ping_status":"closed","template":"page-templates\/template-canvas.php","meta":{"footnotes":""},"_links":{"self":[{"href":"https:\/\/teneriadiazcl.com\/en\/wp-json\/wp\/v2\/pages\/657"}],"collection":[{"href":"https:\/\/teneriadiazcl.com\/en\/wp-json\/wp\/v2\/pages"}],"about":[{"href":"https:\/\/teneriadiazcl.com\/en\/wp-json\/wp\/v2\/types\/page"}],"author":[{"embeddable":true,"href":"https:\/\/teneriadiazcl.com\/en\/wp-json\/wp\/v2\/users\/2"}],"replies":[{"embeddable":true,"href":"https:\/\/teneriadiazcl.com\/en\/wp-json\/wp\/v2\/comments?post=657"}],"version-history":[{"count":3,"href":"https:\/\/teneriadiazcl.com\/en\/wp-json\/wp\/v2\/pages\/657\/revisions"}],"predecessor-version":[{"id":1697,"href":"https:\/\/teneriadiazcl.com\/en\/wp-json\/wp\/v2\/pages\/657\/revisions\/1697"}],"wp:attachment":[{"href":"https:\/\/teneriadiazcl.com\/en\/wp-json\/wp\/v2\/media?parent=657"}],"curies":[{"name":"wp","href":"https:\/\/api.w.org\/{rel}","templated":true}]}}