{"id":1196,"date":"2020-09-15T02:46:03","date_gmt":"2020-09-15T02:46:03","guid":{"rendered":"https:\/\/teneriadiazcl.com\/?page_id=1196"},"modified":"2020-09-15T02:54:30","modified_gmt":"2020-09-15T02:54:30","slug":"trabaje-con-nosotros","status":"publish","type":"page","link":"https:\/\/teneriadiazcl.com\/en\/trabaje-con-nosotros\/","title":{"rendered":"Trabaje con nosotros"},"content":{"rendered":"<section  class=\"vc_rows wpb_row vc_row-fluid vc_custom_1600131647738 vc_row-has-fill parallax\" ><div class=\"container\"><div class=\"row\"><div class=\"wpb_column vc_column_container vc_col-sm-12\"><div class=\"vc_column-inner\"><div class=\"wpb_wrapper\">\n\t<div class=\"wpb_text_column wpb_content_element  vc_custom_1600137987400\" >\n\t\t<div class=\"wpb_wrapper\">\n\t\t\t<h1 class=\"text-center text-white font-family-heading font-size-30 margin-bottom-30\" style=\"text-align: center;\">Se parte de nuestra Familia Teneria Diaz CIA LTDA<\/h1>\n\n\t\t<\/div>\n\t<\/div>\n<\/div><\/div><\/div><\/div><\/div><div class=\"clearfix\"><\/div><\/section><section class=\"vc_rows wpb_row vc_row-fluid\" ><div class=\"container\"><div class=\"row\"><div class=\"wpb_column vc_column_container vc_col-sm-12\"><div class=\"vc_column-inner\"><div class=\"wpb_wrapper\"><div class=\"vc_empty_space\"   style=\"height: 32px\"><span class=\"vc_empty_space_inner\"><\/span><\/div>\t\n\t<div class=\"wprt-galleries-grid\" data-layout=\"slider\" data-column=\"4\" data-column2=\"4\" data-column3=\"4\" data-column4=\"4\" data-gaph=\"30\" data-gapv=\"30\">\n\t\t<div id=\"images-wrap\" class=\"cbp\">\n\t\t\t\t\t\t\t<div class=\"cbp-item\">\n                    <div class=\"item-wrap\">\n                        <a class=\"zoom\" href=\"https:\/\/teneriadiazcl.com\/wp-content\/uploads\/2020\/09\/calidad.jpg\"><i class=\"fa fa-arrows-alt\"><\/i><\/a>\n                        <img decoding=\"async\" src=\"https:\/\/teneriadiazcl.com\/wp-content\/uploads\/2020\/09\/calidad.jpg\" alt=\"\" \/>\n                    <\/div>\n                <\/div>\n\t\t\t\t\t\t\t<div class=\"cbp-item\">\n                    <div class=\"item-wrap\">\n                        <a class=\"zoom\" href=\"https:\/\/teneriadiazcl.com\/wp-content\/uploads\/2020\/09\/3-1.jpg\"><i class=\"fa fa-arrows-alt\"><\/i><\/a>\n                        <img decoding=\"async\" src=\"https:\/\/teneriadiazcl.com\/wp-content\/uploads\/2020\/09\/3-1.jpg\" alt=\"\" \/>\n                    <\/div>\n                <\/div>\n\t\t\t\t\t\t\t<div class=\"cbp-item\">\n                    <div class=\"item-wrap\">\n                        <a class=\"zoom\" href=\"https:\/\/teneriadiazcl.com\/wp-content\/uploads\/2020\/09\/2-1.jpg\"><i class=\"fa fa-arrows-alt\"><\/i><\/a>\n                        <img decoding=\"async\" src=\"https:\/\/teneriadiazcl.com\/wp-content\/uploads\/2020\/09\/2-1.jpg\" alt=\"\" \/>\n                    <\/div>\n                <\/div>\n\t\t\t\t\t\t\t<div class=\"cbp-item\">\n                    <div class=\"item-wrap\">\n                        <a class=\"zoom\" href=\"https:\/\/teneriadiazcl.com\/wp-content\/uploads\/2017\/05\/subir05.jpg\"><i class=\"fa fa-arrows-alt\"><\/i><\/a>\n                        <img decoding=\"async\" src=\"https:\/\/teneriadiazcl.com\/wp-content\/uploads\/2017\/05\/subir05.jpg\" alt=\"\" \/>\n                    <\/div>\n                <\/div>\n\t\t\t\t\t\t\t<div class=\"cbp-item\">\n                    <div class=\"item-wrap\">\n                        <a class=\"zoom\" href=\"https:\/\/teneriadiazcl.com\/wp-content\/uploads\/2017\/05\/uso07.jpg\"><i class=\"fa fa-arrows-alt\"><\/i><\/a>\n                        <img decoding=\"async\" src=\"https:\/\/teneriadiazcl.com\/wp-content\/uploads\/2017\/05\/uso07.jpg\" alt=\"\" \/>\n                    <\/div>\n                <\/div>\n\t\t\t\t\t\t\t<div class=\"cbp-item\">\n                    <div class=\"item-wrap\">\n                        <a class=\"zoom\" href=\"https:\/\/teneriadiazcl.com\/wp-content\/uploads\/2017\/05\/usar10.jpg\"><i class=\"fa fa-arrows-alt\"><\/i><\/a>\n                        <img decoding=\"async\" src=\"https:\/\/teneriadiazcl.com\/wp-content\/uploads\/2017\/05\/usar10.jpg\" alt=\"\" \/>\n                    <\/div>\n                <\/div>\n\t\t\t\t\t<\/div>\n\t<\/div>\n\n<\/div><\/div><\/div><\/div><\/div><div class=\"clearfix\"><\/div><\/section><section class=\"vc_rows wpb_row vc_row-fluid vc_custom_1496982392950\" ><div class=\"container\"><div class=\"row\"><div class=\"wpb_column vc_column_container vc_col-sm-4\"><div class=\"vc_column-inner\"><div class=\"wpb_wrapper\"><h4 style=\"text-align: left\" class=\"vc_custom_heading vc_custom_1600138172803\" ><\/h4>\n\t<div class=\"wpb_text_column wpb_content_element  wprt-information\" >\n\t\t<div class=\"wpb_wrapper\">\n\t\t\t<p style=\"text-align: left;\">\u00c1brete al \u00e9xito, y descubre que existe una fuerza invisible, en la que puedes confiar, que te proporcionar\u00e1 todo aquello que desees.<\/p>\n<ul class=\"style-2\">\n<li class=\"address\"><span class=\"hl\">Address :<\/span> Panamericana Norte Sector El Pisque Entrada a Macasto Arenillas, Ambato \/ Ecuador.<\/li>\n<li class=\"phone\"><span class=\"hl\">+<\/span>593 99 854 4436<\/li>\n<li class=\"phone\">+ 593 03 243 6443<\/li>\n<li class=\"phone\">+593 99 982 2135<\/li>\n<li class=\"phone\">+593 99 980 6065<\/li>\n<li class=\"email\"><span class=\"hl\">E-mail:<\/span> \u00a0tdiazcl@teneriadiaz.com<\/li>\n<\/ul>\n\n\t\t<\/div>\n\t<\/div>\n<\/div><\/div><\/div><div class=\"wpb_column vc_column_container vc_col-sm-8\"><div class=\"vc_column-inner\"><div class=\"wpb_wrapper\"><h4 style=\"text-align: left\" class=\"vc_custom_heading vc_custom_1600138201508\" >Para m\u00e1s informaci\u00f3n cont\u00e1ctenos<\/h4>\n<div class=\"wpcf7 no-js\" id=\"wpcf7-f77-o1\" lang=\"en-US\" dir=\"ltr\">\n<div class=\"screen-reader-response\"><p role=\"status\" aria-live=\"polite\" aria-atomic=\"true\"><\/p> <ul><\/ul><\/div>\n<form action=\"\/en\/wp-json\/wp\/v2\/pages\/1196#wpcf7-f77-o1\" method=\"post\" class=\"wpcf7-form init\" aria-label=\"Contact form\" novalidate=\"novalidate\" data-status=\"init\" data-trp-original-action=\"\/en\/wp-json\/wp\/v2\/pages\/1196#wpcf7-f77-o1\">\n<div style=\"display: none;\">\n<input type=\"hidden\" name=\"_wpcf7\" value=\"77\" \/>\n<input type=\"hidden\" name=\"_wpcf7_version\" value=\"5.7.7\" \/>\n<input type=\"hidden\" name=\"_wpcf7_locale\" value=\"en_US\" \/>\n<input type=\"hidden\" name=\"_wpcf7_unit_tag\" value=\"wpcf7-f77-o1\" \/>\n<input type=\"hidden\" name=\"_wpcf7_container_post\" value=\"0\" \/>\n<input type=\"hidden\" name=\"_wpcf7_posted_data_hash\" value=\"\" \/>\n<\/div>\n<div class=\"wprt-contact-form-1\">\n\t<p><span class=\"wpcf7-form-control-wrap name\"><br \/>\n<span class=\"wpcf7-form-control-wrap\" data-name=\"your-name\"><input size=\"40\" class=\"wpcf7-form-control wpcf7-text wpcf7-validates-as-required\" aria-required=\"true\" aria-invalid=\"false\" placeholder=\"Name *\" value=\"\" type=\"text\" name=\"your-name\" \/><\/span><br \/>\n<\/span><br \/>\n<span class=\"wpcf7-form-control-wrap email\"><br \/>\n<span class=\"wpcf7-form-control-wrap\" data-name=\"your-email\"><input size=\"40\" class=\"wpcf7-form-control wpcf7-text wpcf7-email wpcf7-validates-as-required wpcf7-validates-as-email\" aria-required=\"true\" aria-invalid=\"false\" placeholder=\"E-mail *\" value=\"\" type=\"email\" name=\"your-email\" \/><\/span><br \/>\n<\/span><br \/>\n<span class=\"wpcf7-form-control-wrap phone\"><br \/>\n<span class=\"wpcf7-form-control-wrap\" data-name=\"your-phone\"><input size=\"40\" class=\"wpcf7-form-control wpcf7-text wpcf7-tel wpcf7-validates-as-tel\" aria-invalid=\"false\" placeholder=\"Phone *\" value=\"\" type=\"tel\" name=\"your-phone\" \/><\/span><br \/>\n<\/span><br \/>\n<span class=\"wpcf7-form-control-wrap subject\"><br \/>\n<span class=\"wpcf7-form-control-wrap\" data-name=\"your-subject\"><input size=\"40\" class=\"wpcf7-form-control wpcf7-text\" aria-invalid=\"false\" placeholder=\"CC *\" value=\"\" type=\"text\" name=\"your-subject\" \/><\/span><br \/>\n<\/span><br \/>\n<span class=\"wpcf7-form-control-wrap message\"><br \/>\n<span class=\"wpcf7-form-control-wrap\" data-name=\"your-message\"><textarea cols=\"40\" rows=\"10\" class=\"wpcf7-form-control wpcf7-textarea\" aria-invalid=\"false\" placeholder=\"Message *\" name=\"your-message\"><\/textarea><\/span><br \/>\n<\/span>\n\t<\/p>\n\t<div class=\"wrap-submit\">\n\t\t<p><input class=\"wpcf7-form-control has-spinner wpcf7-submit\" type=\"submit\" value=\"SEND\" \/>\n\t\t<\/p>\n\t<\/div>\n<\/div><div class=\"wpcf7-response-output\" aria-hidden=\"true\"><\/div>\n<input type=\"hidden\" name=\"trp-form-language\" value=\"en\"\/><\/form>\n<\/div>\n<\/div><\/div><\/div><\/div><\/div><div class=\"clearfix\"><\/div><\/section>","protected":false},"excerpt":{"rendered":"Se parte de nuestra Familia Teneria Diaz CIA LTDA \u00c1brete al \u00e9xito, y descubre que existe una fuerza invisible, en la que puedes confiar, que te proporcionar\u00e1 todo aquello que desees. Direcci\u00f3n : Panamericana Norte Sector El Pisque Entrada a Macasto Arenillas, Ambato \/ Ecuador. +593 99 854 4436 + 593 03 243 6443 +593 [...]","protected":false},"author":2,"featured_media":0,"parent":0,"menu_order":0,"comment_status":"closed","ping_status":"closed","template":"page-templates\/template-canvas.php","meta":{"footnotes":""},"_links":{"self":[{"href":"https:\/\/teneriadiazcl.com\/en\/wp-json\/wp\/v2\/pages\/1196"}],"collection":[{"href":"https:\/\/teneriadiazcl.com\/en\/wp-json\/wp\/v2\/pages"}],"about":[{"href":"https:\/\/teneriadiazcl.com\/en\/wp-json\/wp\/v2\/types\/page"}],"author":[{"embeddable":true,"href":"https:\/\/teneriadiazcl.com\/en\/wp-json\/wp\/v2\/users\/2"}],"replies":[{"embeddable":true,"href":"https:\/\/teneriadiazcl.com\/en\/wp-json\/wp\/v2\/comments?post=1196"}],"version-history":[{"count":0,"href":"https:\/\/teneriadiazcl.com\/en\/wp-json\/wp\/v2\/pages\/1196\/revisions"}],"wp:attachment":[{"href":"https:\/\/teneriadiazcl.com\/en\/wp-json\/wp\/v2\/media?parent=1196"}],"curies":[{"name":"wp","href":"https:\/\/api.w.org\/{rel}","templated":true}]}}